{"id":618,"date":"2020-10-03T14:50:49","date_gmt":"2020-10-03T14:50:49","guid":{"rendered":"http:\/\/demo.athemes.com\/sp-plumber\/?page_id=9"},"modified":"2025-12-09T09:15:18","modified_gmt":"2025-12-09T08:15:18","slug":"about","status":"publish","type":"page","link":"https:\/\/weldtechnic.eu\/?page_id=618","title":{"rendered":"About"},"content":{"rendered":"\t\t<div data-elementor-type=\"wp-page\" data-elementor-id=\"618\" class=\"elementor elementor-618\">\n\t\t\t\t\t\t<section class=\"elementor-section elementor-top-section elementor-element elementor-element-b949b44 elementor-section-boxed elementor-section-height-default elementor-section-height-default\" data-id=\"b949b44\" data-element_type=\"section\" data-settings=\"{&quot;background_background&quot;:&quot;classic&quot;}\">\n\t\t\t\t\t\t\t<div class=\"elementor-background-overlay\"><\/div>\n\t\t\t\t\t\t\t<div class=\"elementor-container elementor-column-gap-default\">\n\t\t\t\t\t<div class=\"elementor-column elementor-col-100 elementor-top-column elementor-element elementor-element-8ce5b6f\" data-id=\"8ce5b6f\" data-element_type=\"column\">\n\t\t\t<div class=\"elementor-widget-wrap elementor-element-populated\">\n\t\t\t\t\t\t<div class=\"elementor-element elementor-element-29b1faa elementor-widget elementor-widget-heading\" data-id=\"29b1faa\" data-element_type=\"widget\" data-widget_type=\"heading.default\">\n\t\t\t\t\t<h2 class=\"elementor-heading-title elementor-size-default\">O nas<\/h2>\t\t\t\t<\/div>\n\t\t\t\t<div class=\"elementor-element elementor-element-35def3d elementor-widget elementor-widget-text-editor\" data-id=\"35def3d\" data-element_type=\"widget\" data-widget_type=\"text-editor.default\">\n\t\t\t\t\t\t\t\t\t<p>Strona g\u0142\u00f3wna\u00a0 \u00a0|\u00a0 \u00a0O nas<\/p>\t\t\t\t\t\t\t\t<\/div>\n\t\t\t\t\t<\/div>\n\t\t<\/div>\n\t\t\t\t\t<\/div>\n\t\t<\/section>\n\t\t\t\t<section class=\"elementor-section elementor-top-section elementor-element elementor-element-98a6b8a elementor-section-boxed elementor-section-height-default elementor-section-height-default\" data-id=\"98a6b8a\" data-element_type=\"section\">\n\t\t\t\t\t\t<div class=\"elementor-container elementor-column-gap-default\">\n\t\t\t\t\t<div class=\"elementor-column elementor-col-50 elementor-top-column elementor-element elementor-element-82961cd\" data-id=\"82961cd\" data-element_type=\"column\">\n\t\t\t<div class=\"elementor-widget-wrap elementor-element-populated\">\n\t\t\t\t\t\t<div class=\"elementor-element elementor-element-4323101 elementor-widget elementor-widget-heading\" data-id=\"4323101\" data-element_type=\"widget\" data-widget_type=\"heading.default\">\n\t\t\t\t\t<h2 class=\"elementor-heading-title elementor-size-default\">Zawsze w gotowo\u015bci do dzia\u0142ania \u2013 reagujemy szybko, niezale\u017cnie od skali projektu czy miejsca realizacji.<\/h2>\t\t\t\t<\/div>\n\t\t\t\t\t<\/div>\n\t\t<\/div>\n\t\t\t\t<div class=\"elementor-column elementor-col-50 elementor-top-column elementor-element elementor-element-dd49303\" data-id=\"dd49303\" data-element_type=\"column\">\n\t\t\t<div class=\"elementor-widget-wrap elementor-element-populated\">\n\t\t\t\t\t\t<div class=\"elementor-element elementor-element-c837ed3 elementor-widget elementor-widget-text-editor\" data-id=\"c837ed3\" data-element_type=\"widget\" data-widget_type=\"text-editor.default\">\n\t\t\t\t\t\t\t\t\t<p>Specjalizujemy si\u0119 w profesjonalnych us\u0142ugach spawalniczych, \u0142\u0105cz\u0105c precyzj\u0119, do\u015bwiadczenie i nowoczesne technologie. Ka\u017cdy detal ma znaczenie \u2013 od najmniejszego elementu po du\u017ce konstrukcje stalowe.<\/p>\t\t\t\t\t\t\t\t<\/div>\n\t\t\t\t\t<\/div>\n\t\t<\/div>\n\t\t\t\t\t<\/div>\n\t\t<\/section>\n\t\t\t\t<section class=\"elementor-section elementor-top-section elementor-element elementor-element-ad1db85 elementor-section-content-middle elementor-section-boxed elementor-section-height-default elementor-section-height-default\" data-id=\"ad1db85\" data-element_type=\"section\" data-settings=\"{&quot;background_background&quot;:&quot;classic&quot;}\">\n\t\t\t\t\t\t<div class=\"elementor-container elementor-column-gap-no\">\n\t\t\t\t\t<div class=\"elementor-column elementor-col-50 elementor-top-column elementor-element elementor-element-34dcd81 elementor-hidden-tablet elementor-hidden-phone\" data-id=\"34dcd81\" data-element_type=\"column\">\n\t\t\t<div class=\"elementor-widget-wrap\">\n\t\t\t\t\t\t\t<\/div>\n\t\t<\/div>\n\t\t\t\t<div class=\"elementor-column elementor-col-50 elementor-top-column elementor-element elementor-element-6de3da3\" data-id=\"6de3da3\" data-element_type=\"column\" data-settings=\"{&quot;background_background&quot;:&quot;classic&quot;}\">\n\t\t\t<div class=\"elementor-widget-wrap elementor-element-populated\">\n\t\t\t\t\t\t<div class=\"elementor-element elementor-element-5b7644c elementor-widget elementor-widget-heading\" data-id=\"5b7644c\" data-element_type=\"widget\" data-widget_type=\"heading.default\">\n\t\t\t\t\t<h2 class=\"elementor-heading-title elementor-size-default\">Wiele Lat do\u015bwiadczenia<\/h2>\t\t\t\t<\/div>\n\t\t\t\t<div class=\"elementor-element elementor-element-1cdc0c5 elementor-widget elementor-widget-text-editor\" data-id=\"1cdc0c5\" data-element_type=\"widget\" data-widget_type=\"text-editor.default\">\n\t\t\t\t\t\t\t\t\t<p>Od wielu lat realizujemy projekty dla przemys\u0142u, budownictwa i klient\u00f3w indywidualnych. Nasze do\u015bwiadczenie gwarantuje precyzj\u0119, niezawodno\u015b\u0107 i bezpiecze\u0144stwo w ka\u017cdej realizacji.<\/p>\t\t\t\t\t\t\t\t<\/div>\n\t\t\t\t<div class=\"elementor-element elementor-element-326798e elementor-hidden-tablet elementor-hidden-phone elementor-icon-list--layout-traditional elementor-list-item-link-full_width elementor-widget elementor-widget-icon-list\" data-id=\"326798e\" data-element_type=\"widget\" data-widget_type=\"icon-list.default\">\n\t\t\t\t\t\t\t<ul class=\"elementor-icon-list-items\">\n\t\t\t\t\t\t\t<li class=\"elementor-icon-list-item\">\n\t\t\t\t\t\t\t\t\t\t\t<span class=\"elementor-icon-list-icon\">\n\t\t\t\t\t\t\t<svg aria-hidden=\"true\" class=\"e-font-icon-svg e-fas-check\" viewBox=\"0 0 512 512\" xmlns=\"http:\/\/www.w3.org\/2000\/svg\"><path d=\"M173.898 439.404l-166.4-166.4c-9.997-9.997-9.997-26.206 0-36.204l36.203-36.204c9.997-9.998 26.207-9.998 36.204 0L192 312.69 432.095 72.596c9.997-9.997 26.207-9.997 36.204 0l36.203 36.204c9.997 9.997 9.997 26.206 0 36.204l-294.4 294.401c-9.998 9.997-26.207 9.997-36.204-.001z\"><\/path><\/svg>\t\t\t\t\t\t<\/span>\n\t\t\t\t\t\t\t\t\t\t<span class=\"elementor-icon-list-text\">Profesjonalizm i certyfikacje<\/span>\n\t\t\t\t\t\t\t\t\t<\/li>\n\t\t\t\t\t\t\t\t<li class=\"elementor-icon-list-item\">\n\t\t\t\t\t\t\t\t\t\t\t<span class=\"elementor-icon-list-icon\">\n\t\t\t\t\t\t\t<svg aria-hidden=\"true\" class=\"e-font-icon-svg e-fas-check\" viewBox=\"0 0 512 512\" xmlns=\"http:\/\/www.w3.org\/2000\/svg\"><path d=\"M173.898 439.404l-166.4-166.4c-9.997-9.997-9.997-26.206 0-36.204l36.203-36.204c9.997-9.998 26.207-9.998 36.204 0L192 312.69 432.095 72.596c9.997-9.997 26.207-9.997 36.204 0l36.203 36.204c9.997 9.997 9.997 26.206 0 36.204l-294.4 294.401c-9.998 9.997-26.207 9.997-36.204-.001z\"><\/path><\/svg>\t\t\t\t\t\t<\/span>\n\t\t\t\t\t\t\t\t\t\t<span class=\"elementor-icon-list-text\">Nowoczesne technologie<\/span>\n\t\t\t\t\t\t\t\t\t<\/li>\n\t\t\t\t\t\t\t\t<li class=\"elementor-icon-list-item\">\n\t\t\t\t\t\t\t\t\t\t\t<span class=\"elementor-icon-list-icon\">\n\t\t\t\t\t\t\t<svg aria-hidden=\"true\" class=\"e-font-icon-svg e-fas-check\" viewBox=\"0 0 512 512\" xmlns=\"http:\/\/www.w3.org\/2000\/svg\"><path d=\"M173.898 439.404l-166.4-166.4c-9.997-9.997-9.997-26.206 0-36.204l36.203-36.204c9.997-9.998 26.207-9.998 36.204 0L192 312.69 432.095 72.596c9.997-9.997 26.207-9.997 36.204 0l36.203 36.204c9.997 9.997 9.997 26.206 0 36.204l-294.4 294.401c-9.998 9.997-26.207 9.997-36.204-.001z\"><\/path><\/svg>\t\t\t\t\t\t<\/span>\n\t\t\t\t\t\t\t\t\t\t<span class=\"elementor-icon-list-text\">Terminowo\u015b\u0107 i trwa\u0142o\u015b\u0107<\/span>\n\t\t\t\t\t\t\t\t\t<\/li>\n\t\t\t\t\t\t<\/ul>\n\t\t\t\t\t\t<\/div>\n\t\t\t\t\t<\/div>\n\t\t<\/div>\n\t\t\t\t\t<\/div>\n\t\t<\/section>\n\t\t\t\t<section class=\"elementor-section elementor-top-section elementor-element elementor-element-15a9837 elementor-section-boxed elementor-section-height-default elementor-section-height-default\" data-id=\"15a9837\" data-element_type=\"section\" data-settings=\"{&quot;background_background&quot;:&quot;classic&quot;}\">\n\t\t\t\t\t\t<div class=\"elementor-container elementor-column-gap-default\">\n\t\t\t\t\t<div class=\"elementor-column elementor-col-100 elementor-top-column elementor-element elementor-element-b77d75c\" data-id=\"b77d75c\" data-element_type=\"column\">\n\t\t\t<div class=\"elementor-widget-wrap elementor-element-populated\">\n\t\t\t\t\t\t<section class=\"elementor-section elementor-inner-section elementor-element elementor-element-b9e9563 elementor-section-boxed elementor-section-height-default elementor-section-height-default\" data-id=\"b9e9563\" data-element_type=\"section\">\n\t\t\t\t\t\t<div class=\"elementor-container elementor-column-gap-default\">\n\t\t\t\t\t<div class=\"elementor-column elementor-col-50 elementor-inner-column elementor-element elementor-element-6a6c3cc\" data-id=\"6a6c3cc\" data-element_type=\"column\">\n\t\t\t<div class=\"elementor-widget-wrap elementor-element-populated\">\n\t\t\t\t\t\t<div class=\"elementor-element elementor-element-b10f24c elementor-widget elementor-widget-heading\" data-id=\"b10f24c\" data-element_type=\"widget\" data-widget_type=\"heading.default\">\n\t\t\t\t\t<h2 class=\"elementor-heading-title elementor-size-default\">Nasz zesp\u00f3\u0142<\/h2>\t\t\t\t<\/div>\n\t\t\t\t\t<\/div>\n\t\t<\/div>\n\t\t\t\t<div class=\"elementor-column elementor-col-50 elementor-inner-column elementor-element elementor-element-a5648af\" data-id=\"a5648af\" data-element_type=\"column\">\n\t\t\t<div class=\"elementor-widget-wrap elementor-element-populated\">\n\t\t\t\t\t\t<div class=\"elementor-element elementor-element-5cb8e49 elementor-align-right elementor-mobile-align-left elementor-widget elementor-widget-button\" data-id=\"5cb8e49\" data-element_type=\"widget\" data-widget_type=\"button.default\">\n\t\t\t\t\t\t\t\t\t\t<a class=\"elementor-button elementor-button-link elementor-size-sm\" href=\"#\">\n\t\t\t\t\t\t<span class=\"elementor-button-content-wrapper\">\n\t\t\t\t\t\t\t\t\t<span class=\"elementor-button-text\">Poznaj nasz zesp\u00f3\u0142<\/span>\n\t\t\t\t\t<\/span>\n\t\t\t\t\t<\/a>\n\t\t\t\t\t\t\t\t<\/div>\n\t\t\t\t\t<\/div>\n\t\t<\/div>\n\t\t\t\t\t<\/div>\n\t\t<\/section>\n\t\t\t\t<section class=\"elementor-section elementor-inner-section elementor-element elementor-element-87d294f elementor-section-boxed elementor-section-height-default elementor-section-height-default\" data-id=\"87d294f\" data-element_type=\"section\">\n\t\t\t\t\t\t<div class=\"elementor-container elementor-column-gap-extended\">\n\t\t\t\t\t<div class=\"elementor-column elementor-col-50 elementor-inner-column elementor-element elementor-element-0b1875b\" data-id=\"0b1875b\" data-element_type=\"column\">\n\t\t\t<div class=\"elementor-widget-wrap elementor-element-populated\">\n\t\t\t\t\t\t<div class=\"elementor-element elementor-element-5dcab90 elementor-widget elementor-widget-heading\" data-id=\"5dcab90\" data-element_type=\"widget\" data-widget_type=\"heading.default\">\n\t\t\t\t\t<h2 class=\"elementor-heading-title elementor-size-default\">Daria Petrykowska<\/h2>\t\t\t\t<\/div>\n\t\t\t\t<div class=\"elementor-element elementor-element-d346188 elementor-widget elementor-widget-image\" data-id=\"d346188\" data-element_type=\"widget\" data-widget_type=\"image.default\">\n\t\t\t\t\t\t\t\t\t\t\t\t\t\t\t<img fetchpriority=\"high\" decoding=\"async\" width=\"683\" height=\"1024\" src=\"https:\/\/weldtechnic.eu\/wp-content\/uploads\/2025\/12\/att.oN0tz-Z7bdTQkp4focN-WQsfJKmIe5emNyOvzMUT5no-683x1024.jpg\" class=\"attachment-large size-large wp-image-692\" alt=\"Daria Petrykowska\" srcset=\"https:\/\/weldtechnic.eu\/wp-content\/uploads\/2025\/12\/att.oN0tz-Z7bdTQkp4focN-WQsfJKmIe5emNyOvzMUT5no-683x1024.jpg 683w, https:\/\/weldtechnic.eu\/wp-content\/uploads\/2025\/12\/att.oN0tz-Z7bdTQkp4focN-WQsfJKmIe5emNyOvzMUT5no-200x300.jpg 200w, https:\/\/weldtechnic.eu\/wp-content\/uploads\/2025\/12\/att.oN0tz-Z7bdTQkp4focN-WQsfJKmIe5emNyOvzMUT5no-768x1151.jpg 768w, https:\/\/weldtechnic.eu\/wp-content\/uploads\/2025\/12\/att.oN0tz-Z7bdTQkp4focN-WQsfJKmIe5emNyOvzMUT5no-1025x1536.jpg 1025w, https:\/\/weldtechnic.eu\/wp-content\/uploads\/2025\/12\/att.oN0tz-Z7bdTQkp4focN-WQsfJKmIe5emNyOvzMUT5no-1000x1499.jpg 1000w, https:\/\/weldtechnic.eu\/wp-content\/uploads\/2025\/12\/att.oN0tz-Z7bdTQkp4focN-WQsfJKmIe5emNyOvzMUT5no-230x345.jpg 230w, https:\/\/weldtechnic.eu\/wp-content\/uploads\/2025\/12\/att.oN0tz-Z7bdTQkp4focN-WQsfJKmIe5emNyOvzMUT5no-350x524.jpg 350w, https:\/\/weldtechnic.eu\/wp-content\/uploads\/2025\/12\/att.oN0tz-Z7bdTQkp4focN-WQsfJKmIe5emNyOvzMUT5no-480x719.jpg 480w, https:\/\/weldtechnic.eu\/wp-content\/uploads\/2025\/12\/att.oN0tz-Z7bdTQkp4focN-WQsfJKmIe5emNyOvzMUT5no.jpg 1366w\" sizes=\"(max-width: 683px) 100vw, 683px\" \/>\t\t\t\t\t\t\t\t\t\t\t\t\t\t\t<\/div>\n\t\t\t\t<div class=\"elementor-element elementor-element-b89dbfb elementor-widget elementor-widget-text-editor\" data-id=\"b89dbfb\" data-element_type=\"widget\" data-widget_type=\"text-editor.default\">\n\t\t\t\t\t\t\t\t\t<p>Telefon: <a href=\"tel: +48 453 264 933\">+48 453 264 933<\/a><\/p><p>Email: <a href=\"mailto:daria.petrykowska@weldtechnic.eu\">daria.petrykowska@weldtechnic.eu<\/a><\/p>\t\t\t\t\t\t\t\t<\/div>\n\t\t\t\t\t<\/div>\n\t\t<\/div>\n\t\t\t\t<div class=\"elementor-column elementor-col-50 elementor-inner-column elementor-element elementor-element-43c7788\" data-id=\"43c7788\" data-element_type=\"column\">\n\t\t\t<div class=\"elementor-widget-wrap elementor-element-populated\">\n\t\t\t\t\t\t<div class=\"elementor-element elementor-element-b4d25c4 elementor-widget elementor-widget-heading\" data-id=\"b4d25c4\" data-element_type=\"widget\" data-widget_type=\"heading.default\">\n\t\t\t\t\t<h2 class=\"elementor-heading-title elementor-size-default\">Krzysztof Lis<\/h2>\t\t\t\t<\/div>\n\t\t\t\t<div class=\"elementor-element elementor-element-f88abb5 elementor-widget elementor-widget-image\" data-id=\"f88abb5\" data-element_type=\"widget\" data-widget_type=\"image.default\">\n\t\t\t\t\t\t\t\t\t\t\t\t\t\t\t<img decoding=\"async\" width=\"758\" height=\"330\" src=\"https:\/\/weldtechnic.eu\/wp-content\/uploads\/2025\/10\/logo-e1760476371723.jpeg\" class=\"attachment-large size-large wp-image-8\" alt=\"\" srcset=\"https:\/\/weldtechnic.eu\/wp-content\/uploads\/2025\/10\/logo-e1760476371723.jpeg 758w, https:\/\/weldtechnic.eu\/wp-content\/uploads\/2025\/10\/logo-e1760476371723-300x131.jpeg 300w, https:\/\/weldtechnic.eu\/wp-content\/uploads\/2025\/10\/logo-e1760476371723-230x100.jpeg 230w, https:\/\/weldtechnic.eu\/wp-content\/uploads\/2025\/10\/logo-e1760476371723-350x152.jpeg 350w, https:\/\/weldtechnic.eu\/wp-content\/uploads\/2025\/10\/logo-e1760476371723-480x209.jpeg 480w\" sizes=\"(max-width: 758px) 100vw, 758px\" \/>\t\t\t\t\t\t\t\t\t\t\t\t\t\t\t<\/div>\n\t\t\t\t<div class=\"elementor-element elementor-element-24063b1 elementor-widget elementor-widget-text-editor\" data-id=\"24063b1\" data-element_type=\"widget\" data-widget_type=\"text-editor.default\">\n\t\t\t\t\t\t\t\t\t<p>Tel: <a href=\"tel: +48 507 583 961\">+48 507 583 961<\/a><\/p><p>Email: <a href=\"mailto:krzysztof.lis@weldtechnic.eu\">krzysztof.lis@weldtechnic.eu<\/a><\/p>\t\t\t\t\t\t\t\t<\/div>\n\t\t\t\t\t<\/div>\n\t\t<\/div>\n\t\t\t\t\t<\/div>\n\t\t<\/section>\n\t\t\t\t\t<\/div>\n\t\t<\/div>\n\t\t\t\t\t<\/div>\n\t\t<\/section>\n\t\t\t\t<section class=\"elementor-section elementor-top-section elementor-element elementor-element-b4aad83 elementor-section-boxed elementor-section-height-default elementor-section-height-default\" data-id=\"b4aad83\" data-element_type=\"section\">\n\t\t\t\t\t\t<div class=\"elementor-container elementor-column-gap-extended\">\n\t\t\t\t\t<div class=\"elementor-column elementor-col-100 elementor-top-column elementor-element elementor-element-ba9e826\" data-id=\"ba9e826\" data-element_type=\"column\">\n\t\t\t<div class=\"elementor-widget-wrap\">\n\t\t\t\t\t\t\t<\/div>\n\t\t<\/div>\n\t\t\t\t\t<\/div>\n\t\t<\/section>\n\t\t\t\t<section class=\"elementor-section elementor-top-section elementor-element elementor-element-45ea49f elementor-section-boxed elementor-section-height-default elementor-section-height-default\" data-id=\"45ea49f\" data-element_type=\"section\" data-settings=\"{&quot;background_background&quot;:&quot;classic&quot;}\">\n\t\t\t\t\t\t<div class=\"elementor-container elementor-column-gap-wide\">\n\t\t\t\t\t<div class=\"elementor-column elementor-col-25 elementor-top-column elementor-element elementor-element-237a652\" data-id=\"237a652\" data-element_type=\"column\">\n\t\t\t<div class=\"elementor-widget-wrap elementor-element-populated\">\n\t\t\t\t\t\t<div class=\"elementor-element elementor-element-433ccc4 elementor-widget elementor-widget-heading\" data-id=\"433ccc4\" data-element_type=\"widget\" data-widget_type=\"heading.default\">\n\t\t\t\t\t<h2 class=\"elementor-heading-title elementor-size-default\">Weld Technic<\/h2>\t\t\t\t<\/div>\n\t\t\t\t<div class=\"elementor-element elementor-element-5fbe587 elementor-widget elementor-widget-text-editor\" data-id=\"5fbe587\" data-element_type=\"widget\" data-widget_type=\"text-editor.default\">\n\t\t\t\t\t\t\t\t\t<p>Specjalizujemy si\u0119 w profesjonalnych us\u0142ugach spawalniczych, \u0142\u0105cz\u0105c precyzj\u0119, do\u015bwiadczenie i nowoczesne technologie. Ka\u017cdy detal ma znaczenie \u2013 od najmniejszego elementu po du\u017ce konstrukcje stalowe.<\/p>\t\t\t\t\t\t\t\t<\/div>\n\t\t\t\t\t<\/div>\n\t\t<\/div>\n\t\t\t\t<div class=\"elementor-column elementor-col-25 elementor-top-column elementor-element elementor-element-159b51b\" data-id=\"159b51b\" data-element_type=\"column\">\n\t\t\t<div class=\"elementor-widget-wrap elementor-element-populated\">\n\t\t\t\t\t\t<div class=\"elementor-element elementor-element-90ed1e2 elementor-widget elementor-widget-heading\" data-id=\"90ed1e2\" data-element_type=\"widget\" data-widget_type=\"heading.default\">\n\t\t\t\t\t<h2 class=\"elementor-heading-title elementor-size-default\">Firma<\/h2>\t\t\t\t<\/div>\n\t\t\t\t<div class=\"elementor-element elementor-element-6589cdc elementor-widget elementor-widget-text-editor\" data-id=\"6589cdc\" data-element_type=\"widget\" data-widget_type=\"text-editor.default\">\n\t\t\t\t\t\t\t\t\t<p>O nas<br \/>Us\u0142ugi<br \/>Kontakt<\/p>\t\t\t\t\t\t\t\t<\/div>\n\t\t\t\t\t<\/div>\n\t\t<\/div>\n\t\t\t\t<div class=\"elementor-column elementor-col-25 elementor-top-column elementor-element elementor-element-ca54967\" data-id=\"ca54967\" data-element_type=\"column\">\n\t\t\t<div class=\"elementor-widget-wrap elementor-element-populated\">\n\t\t\t\t\t\t<div class=\"elementor-element elementor-element-75faf9b elementor-widget elementor-widget-heading\" data-id=\"75faf9b\" data-element_type=\"widget\" data-widget_type=\"heading.default\">\n\t\t\t\t\t<h2 class=\"elementor-heading-title elementor-size-default\">Us\u0142ugi<\/h2>\t\t\t\t<\/div>\n\t\t\t\t<div class=\"elementor-element elementor-element-5ba225c elementor-widget elementor-widget-text-editor\" data-id=\"5ba225c\" data-element_type=\"widget\" data-widget_type=\"text-editor.default\">\n\t\t\t\t\t\t\t\t\t<p>Spawalnictwo<br \/>Prefabrykacja<br \/>Monta\u017c<\/p>\t\t\t\t\t\t\t\t<\/div>\n\t\t\t\t\t<\/div>\n\t\t<\/div>\n\t\t\t\t<div class=\"elementor-column elementor-col-25 elementor-top-column elementor-element elementor-element-05207e5\" data-id=\"05207e5\" data-element_type=\"column\">\n\t\t\t<div class=\"elementor-widget-wrap elementor-element-populated\">\n\t\t\t\t\t\t<div class=\"elementor-element elementor-element-6bfbac6 elementor-widget elementor-widget-heading\" data-id=\"6bfbac6\" data-element_type=\"widget\" data-widget_type=\"heading.default\">\n\t\t\t\t\t<h2 class=\"elementor-heading-title elementor-size-default\">Kontakt<\/h2>\t\t\t\t<\/div>\n\t\t\t\t<div class=\"elementor-element elementor-element-be00afa elementor-widget elementor-widget-text-editor\" data-id=\"be00afa\" data-element_type=\"widget\" data-widget_type=\"text-editor.default\">\n\t\t\t\t\t\t\t\t\t<p><span class=\"elementor-icon-list-text\">+48 789 101 444<\/span><\/p><p>biuro@weldtechnic.eu<\/p>\t\t\t\t\t\t\t\t<\/div>\n\t\t\t\t\t<\/div>\n\t\t<\/div>\n\t\t\t\t\t<\/div>\n\t\t<\/section>\n\t\t\t\t<\/div>\n\t\t","protected":false},"excerpt":{"rendered":"<p>O nas Strona g\u0142\u00f3wna\u00a0 \u00a0|\u00a0 \u00a0O nas Zawsze w gotowo\u015bci do dzia\u0142ania \u2013 reagujemy szybko, niezale\u017cnie od skali projektu czy miejsca realizacji. Specjalizujemy si\u0119 w [&hellip;]<\/p>\n","protected":false},"author":1,"featured_media":0,"parent":0,"menu_order":0,"comment_status":"closed","ping_status":"closed","template":"page-templates\/page_front-page.php","meta":{"footnotes":""},"class_list":["post-618","page","type-page","status-publish","hentry"],"_links":{"self":[{"href":"https:\/\/weldtechnic.eu\/index.php?rest_route=\/wp\/v2\/pages\/618","targetHints":{"allow":["GET"]}}],"collection":[{"href":"https:\/\/weldtechnic.eu\/index.php?rest_route=\/wp\/v2\/pages"}],"about":[{"href":"https:\/\/weldtechnic.eu\/index.php?rest_route=\/wp\/v2\/types\/page"}],"author":[{"embeddable":true,"href":"https:\/\/weldtechnic.eu\/index.php?rest_route=\/wp\/v2\/users\/1"}],"replies":[{"embeddable":true,"href":"https:\/\/weldtechnic.eu\/index.php?rest_route=%2Fwp%2Fv2%2Fcomments&post=618"}],"version-history":[{"count":18,"href":"https:\/\/weldtechnic.eu\/index.php?rest_route=\/wp\/v2\/pages\/618\/revisions"}],"predecessor-version":[{"id":698,"href":"https:\/\/weldtechnic.eu\/index.php?rest_route=\/wp\/v2\/pages\/618\/revisions\/698"}],"wp:attachment":[{"href":"https:\/\/weldtechnic.eu\/index.php?rest_route=%2Fwp%2Fv2%2Fmedia&parent=618"}],"curies":[{"name":"wp","href":"https:\/\/api.w.org\/{rel}","templated":true}]}}